{"id":1832,"date":"2021-04-06T19:20:33","date_gmt":"2021-04-06T19:20:33","guid":{"rendered":"https:\/\/boutiqueabm.ca\/?page_id=1832"},"modified":"2024-09-07T19:41:41","modified_gmt":"2024-09-07T19:41:41","slug":"grille-pour-tba","status":"publish","type":"page","link":"https:\/\/boutiqueabm.ca\/en\/produits\/grille-pour-tba\/","title":{"rendered":"Grid for TBA"},"content":{"rendered":"<div data-elementor-type=\"wp-page\" data-elementor-id=\"1832\" class=\"elementor elementor-1832\">\n\t\t\t\t\t\t<section class=\"elementor-section elementor-top-section elementor-element elementor-element-2cabdf2 elementor-section-stretched elementor-reverse-mobile elementor-section-boxed elementor-section-height-default elementor-section-height-default\" data-id=\"2cabdf2\" data-element_type=\"section\" data-settings=\"{&quot;stretch_section&quot;:&quot;section-stretched&quot;,&quot;background_background&quot;:&quot;classic&quot;,&quot;ekit_has_onepagescroll_dot&quot;:&quot;yes&quot;}\">\n\t\t\t\t\t\t<div class=\"elementor-container elementor-column-gap-wider\">\n\t\t\t\t\t<div class=\"elementor-column elementor-col-50 elementor-top-column elementor-element elementor-element-702f1468\" data-id=\"702f1468\" data-element_type=\"column\">\n\t\t\t<div class=\"elementor-widget-wrap elementor-element-populated\">\n\t\t\t\t\t\t<div class=\"elementor-element elementor-element-e21d1da elementor-widget elementor-widget-heading\" data-id=\"e21d1da\" data-element_type=\"widget\" data-settings=\"{&quot;ekit_we_effect_on&quot;:&quot;none&quot;}\" data-widget_type=\"heading.default\">\n\t\t\t\t<div class=\"elementor-widget-container\">\n\t\t\t\t\t<h2 class=\"elementor-heading-title elementor-size-default\">Grid for TBA<\/h2>\t\t\t\t<\/div>\n\t\t\t\t<\/div>\n\t\t\t\t<div class=\"elementor-element elementor-element-4bc7929 elementor-widget elementor-widget-text-editor\" data-id=\"4bc7929\" data-element_type=\"widget\" data-settings=\"{&quot;ekit_we_effect_on&quot;:&quot;none&quot;}\" data-widget_type=\"text-editor.default\">\n\t\t\t\t<div class=\"elementor-widget-container\">\n\t\t\t\t\t\t\t\t\t<p><strong style=\"text-transform: uppercase;\">Application<\/strong><\/p><p>Galvanized steel reinforced concrete pipe grid for sewers and water services.<\/p>\t\t\t\t\t\t\t\t<\/div>\n\t\t\t\t<\/div>\n\t\t\t\t<div class=\"elementor-element elementor-element-13ef4d1b elementor-widget elementor-widget-text-editor\" data-id=\"13ef4d1b\" data-element_type=\"widget\" data-settings=\"{&quot;ekit_we_effect_on&quot;:&quot;none&quot;}\" data-widget_type=\"text-editor.default\">\n\t\t\t\t<div class=\"elementor-widget-container\">\n\t\t\t\t\t\t\t\t\t<p><strong style=\"text-transform: uppercase;\">Features \/ Technical sheet<\/strong><\/p><ul><li>In galvanized steel.<\/li><li>Galvanized steel hinge (top, left or right).<\/li><\/ul><p>\u00a0<\/p><p>The grids can be of different shapes, for all TBA sizes and according to customer specifications.<\/p>\t\t\t\t\t\t\t\t<\/div>\n\t\t\t\t<\/div>\n\t\t\t\t<div class=\"elementor-element elementor-element-d2053b4 elementor-widget elementor-widget-text-editor\" data-id=\"d2053b4\" data-element_type=\"widget\" data-settings=\"{&quot;ekit_we_effect_on&quot;:&quot;none&quot;}\" data-widget_type=\"text-editor.default\">\n\t\t\t\t<div class=\"elementor-widget-container\">\n\t\t\t\t\t\t\t\t\t<p><span style=\"font-weight: bolder; text-transform: uppercase;\">Builted by<\/span><\/p><p><a href=\"https:\/\/abmenviro.ca\/\" target=\"_blank\" rel=\"noopener\"><img decoding=\"async\" src=\"https:\/\/boutiqueabm.ca\/wp-content\/uploads\/Logo-ABMenviro-300x96.png\" alt=\"\" width=\"150\" height=\"48\" \/><\/a><\/p>\t\t\t\t\t\t\t\t<\/div>\n\t\t\t\t<\/div>\n\t\t\t\t\t<\/div>\n\t\t<\/div>\n\t\t\t\t<div class=\"elementor-column elementor-col-50 elementor-top-column elementor-element elementor-element-4521ea1\" data-id=\"4521ea1\" data-element_type=\"column\">\n\t\t\t<div class=\"elementor-widget-wrap elementor-element-populated\">\n\t\t\t\t\t\t<div class=\"elementor-element elementor-element-419f1e85 elementor-arrows-position-inside elementor-widget elementor-widget-image-carousel\" data-id=\"419f1e85\" data-element_type=\"widget\" data-settings=\"{&quot;slides_to_show&quot;:&quot;1&quot;,&quot;navigation&quot;:&quot;arrows&quot;,&quot;autoplay&quot;:&quot;yes&quot;,&quot;pause_on_hover&quot;:&quot;yes&quot;,&quot;pause_on_interaction&quot;:&quot;yes&quot;,&quot;autoplay_speed&quot;:5000,&quot;infinite&quot;:&quot;yes&quot;,&quot;effect&quot;:&quot;slide&quot;,&quot;speed&quot;:500,&quot;ekit_we_effect_on&quot;:&quot;none&quot;}\" data-widget_type=\"image-carousel.default\">\n\t\t\t\t<div class=\"elementor-widget-container\">\n\t\t\t\t\t\t\t<div class=\"elementor-image-carousel-wrapper swiper\" role=\"region\" aria-roledescription=\"carousel\" aria-label=\"Image Carousel\" dir=\"ltr\">\n\t\t\t<div class=\"elementor-image-carousel swiper-wrapper swiper-image-stretch\" aria-live=\"off\">\n\t\t\t\t\t\t\t\t<div class=\"swiper-slide\" role=\"group\" aria-roledescription=\"slide\" aria-label=\"1 of 1\"><a data-elementor-open-lightbox=\"yes\" data-elementor-lightbox-slideshow=\"419f1e85\" data-elementor-lightbox-title=\"Grille pour TBA | Boutique ABM | Livrer. Toujours.\" data-e-action-hash=\"#elementor-action%3Aaction%3Dlightbox%26settings%3DeyJpZCI6MTgzNCwidXJsIjoiaHR0cHM6XC9cL2JvdXRpcXVlYWJtLmNhXC93cC1jb250ZW50XC91cGxvYWRzXC9BQk0tZ3JpbGxlLXRiYS0wMS5qcGciLCJzbGlkZXNob3ciOiI0MTlmMWU4NSJ9\" href=\"https:\/\/boutiqueabm.ca\/wp-content\/uploads\/ABM-grille-tba-01.jpg\"><figure class=\"swiper-slide-inner\"><img decoding=\"async\" class=\"swiper-slide-image\" src=\"https:\/\/boutiqueabm.ca\/wp-content\/uploads\/ABM-grille-tba-01.jpg\" alt=\"Grille pour TBA | Boutique ABM | Livrer. Toujours.\" \/><\/figure><\/a><\/div>\t\t\t<\/div>\n\t\t\t\t\t<\/div>\n\t\t\t\t\t\t<\/div>\n\t\t\t\t<\/div>\n\t\t\t\t\t<\/div>\n\t\t<\/div>\n\t\t\t\t\t<\/div>\n\t\t<\/section>\n\t\t\t\t<section class=\"elementor-section elementor-top-section elementor-element elementor-element-18c2130 elementor-section-stretched elementor-reverse-mobile elementor-section-boxed elementor-section-height-default elementor-section-height-default\" data-id=\"18c2130\" data-element_type=\"section\" data-settings=\"{&quot;stretch_section&quot;:&quot;section-stretched&quot;,&quot;ekit_has_onepagescroll_dot&quot;:&quot;yes&quot;}\">\n\t\t\t\t\t\t<div class=\"elementor-container elementor-column-gap-wider\">\n\t\t\t\t\t<div class=\"elementor-column elementor-col-100 elementor-top-column elementor-element elementor-element-6c2929a6\" data-id=\"6c2929a6\" data-element_type=\"column\">\n\t\t\t<div class=\"elementor-widget-wrap elementor-element-populated\">\n\t\t\t\t\t\t<div class=\"elementor-element elementor-element-34b6860 elementor-widget elementor-widget-elementskit-popup-modal\" data-id=\"34b6860\" data-element_type=\"widget\" data-settings=\"{&quot;ekit_we_effect_on&quot;:&quot;none&quot;}\" data-widget_type=\"elementskit-popup-modal.default\">\n\t\t\t\t<div class=\"elementor-widget-container\">\n\t\t\t\t\t<div class=\"ekit-wid-con\" >        <!-- Start Markup -->\n                            <div class='ekit-popup-modal__toggler-wrapper'>\n                    <!-- Button trigger modal -->\n                    <button \n                        type=\"button\" \n                        class=\"elementskit-btn ekit-popup-btn ekit-popup-btn__filled ekit-popup__toggler ekit-popup-modal-toggler whitespace--normal\" \n                        data-toggle=\"modal\" \n                        data-target=\"#ekit-popup-modal\"\n                        id=\"ekit-popup-modal-toggler\"\n                    >\n                                                    <div class='ekit-popup-btn__has-icon'>\n                                <i aria-hidden=\"true\" class=\"icon icon-voucher-2\"><\/i>                                Request a quote now!\n                                                            <\/div>\n                                            <\/button>\n                <\/div>\n            \n            <!-- Modal -->\n            <div \n                class=\"ekit-popup-modal ekit-popup-modal__inside middle center\" \n                data-toggleafter=\"0\"\n                data-toggletype=\"button\"\n                data-cookieconsent=\"\"\n            >\n                                <div\n                    class=\"ekit-popup-modal__content ekit-popup__content animated animated-normal\" \n                    style=\"\"\n                    data-animation=\"fade-in-up\"\n                >\n                                            <div class=\"ekit-popup-modal__close popup-top-right\">\n                            <i aria-hidden=\"true\" class=\"icon icon-cross\"><\/i>                        <\/div>\n                    \n                    <!-- Start Header -->\n                                            <div class=\"ekit-popup-modal__header ekit-popup__header  ekit-popup-modal__header-with-divider\">\n                            <h4 class=\"ekit-popup-modal__title ekit-popup__title\">\n                                Quote request                            <\/h4>\n                                                        <p class=\"ekit-popup-modal__subtitle ekit-popup__subtitle\">\n                                Grid for TBA                            <\/p>\n                                                    <\/div>\n                                        <!-- End Header -->\n\n                    <!-- Start Body -->\n                    <div class=\"ekit-popup-modal__body ekit-popup__body\">\n                        \t\t\t\t\t\t\t<div class=\"ekit-popup__raw-content\">\n\t\t\t\t\t\t\t\t<p>\n<div class=\"wpcf7 no-js\" id=\"wpcf7-f1835-o1\" lang=\"fr-CA\" dir=\"ltr\" data-wpcf7-id=\"1835\">\n<div class=\"screen-reader-response\"><p role=\"status\" aria-live=\"polite\" aria-atomic=\"true\"><\/p> <ul><\/ul><\/div>\n<form action=\"\/en\/wp-json\/wp\/v2\/pages\/1832#wpcf7-f1835-o1\" method=\"post\" class=\"wpcf7-form init\" aria-label=\"Contact form\" enctype=\"multipart\/form-data\" novalidate=\"novalidate\" data-status=\"init\" data-trp-original-action=\"\/en\/wp-json\/wp\/v2\/pages\/1832#wpcf7-f1835-o1\">\n<fieldset class=\"hidden-fields-container\"><input type=\"hidden\" name=\"_wpcf7\" value=\"1835\" \/><input type=\"hidden\" name=\"_wpcf7_version\" value=\"6.1.4\" \/><input type=\"hidden\" name=\"_wpcf7_locale\" value=\"fr_CA\" \/><input type=\"hidden\" name=\"_wpcf7_unit_tag\" value=\"wpcf7-f1835-o1\" \/><input type=\"hidden\" name=\"_wpcf7_container_post\" value=\"0\" \/><input type=\"hidden\" name=\"_wpcf7_posted_data_hash\" value=\"\" \/><input type=\"hidden\" name=\"_wpcf7_recaptcha_response\" value=\"\" \/>\n<\/fieldset>\n<h4>Informations\n<\/h4>\n<p><span class=\"wpcf7-form-control-wrap\" data-name=\"nom\"><input size=\"40\" maxlength=\"400\" class=\"wpcf7-form-control wpcf7-text wpcf7-validates-as-required\" aria-required=\"true\" aria-invalid=\"false\" placeholder=\"Name\" value=\"\" type=\"text\" name=\"nom\" \/><\/span>\n<\/p>\n<p><span class=\"wpcf7-form-control-wrap\" data-name=\"courriel\"><input size=\"40\" maxlength=\"400\" class=\"wpcf7-form-control wpcf7-email wpcf7-validates-as-required wpcf7-text wpcf7-validates-as-email\" aria-required=\"true\" aria-invalid=\"false\" placeholder=\"Email\" value=\"\" type=\"email\" name=\"courriel\" \/><\/span>\n<\/p>\n<p><span class=\"wpcf7-form-control-wrap\" data-name=\"entreprise\"><input size=\"40\" maxlength=\"400\" class=\"wpcf7-form-control wpcf7-text wpcf7-validates-as-required\" aria-required=\"true\" aria-invalid=\"false\" placeholder=\"Business name\" value=\"\" type=\"text\" name=\"entreprise\" \/><\/span>\n<\/p>\n<p><span class=\"wpcf7-form-control-wrap\" data-name=\"telephone\"><input size=\"40\" maxlength=\"400\" class=\"wpcf7-form-control wpcf7-tel wpcf7-validates-as-required wpcf7-text wpcf7-validates-as-tel\" aria-required=\"true\" aria-invalid=\"false\" placeholder=\"Phone Number\" value=\"\" type=\"tel\" name=\"telephone\" \/><\/span>\n<\/p>\n<h4>Attach your plans or other files\n<\/h4>\n<p><span class=\"wpcf7-form-control-wrap\" data-name=\"fichier\"><input size=\"40\" class=\"wpcf7-form-control wpcf7-file\" accept=\".jpg,.jpeg,.png,.gif,.pdf,.doc,.docx,.ppt\" aria-invalid=\"false\" type=\"file\" name=\"fichier\" \/><\/span><br \/>\n<span class=\"wpcf7-form-control-wrap\" data-name=\"fichier2\"><input size=\"40\" class=\"wpcf7-form-control wpcf7-file\" accept=\".jpg,.jpeg,.png,.gif,.pdf,.doc,.docx,.ppt\" aria-invalid=\"false\" type=\"file\" name=\"fichier2\" \/><\/span><br \/>\n<span class=\"wpcf7-form-control-wrap\" data-name=\"fichier3\"><input size=\"40\" class=\"wpcf7-form-control wpcf7-file\" accept=\".jpg,.jpeg,.png,.gif,.pdf,.doc,.docx,.ppt\" aria-invalid=\"false\" type=\"file\" name=\"fichier3\" \/><\/span>\n<\/p>\n<h4>Project Description\n<\/h4>\n<p><span class=\"wpcf7-form-control-wrap\" data-name=\"message\"><textarea cols=\"40\" rows=\"10\" maxlength=\"2000\" class=\"wpcf7-form-control wpcf7-textarea wpcf7-validates-as-required\" aria-required=\"true\" aria-invalid=\"false\" placeholder=\"Description\" name=\"message\"><\/textarea><\/span>\n<\/p>\n<p><input class=\"wpcf7-form-control wpcf7-submit has-spinner\" type=\"submit\" value=\"Send your quote request\" \/>\n<\/p><div class=\"wpcf7-response-output\" aria-hidden=\"true\"><\/div>\n<input type=\"hidden\" name=\"trp-form-language\" value=\"en\"\/><\/form>\n<\/div>\n<\/p>\t\t\t\t\t\t\t<\/div>\n\t\t\t\t\t\t                    <\/div>\n                    <!-- Emd Body -->\n\n                    <!-- Start Footer -->\n                                        <!-- End Footer -->\n                <\/div>\n                                    <div class=\"ekit-popup-modal__overlay ekit-popup__close\"><\/div>\n                            <\/div>\n        <!-- End Markup -->\n    <\/div>\t\t\t\t<\/div>\n\t\t\t\t<\/div>\n\t\t\t\t\t<\/div>\n\t\t<\/div>\n\t\t\t\t\t<\/div>\n\t\t<\/section>\n\t\t\t\t<\/div>","protected":false},"excerpt":{"rendered":"<p>Grille pour TBA Application Grille pour tuyau en b\u00e9ton arm\u00e9 en acier galvanis\u00e9 pour les \u00e9gouts et services d&rsquo;eau. Caract\u00e9ristiques \/ Fiche technique En acier galvanis\u00e9; Penture en acier galvanis\u00e9 (en haut, gauche ou droite). \u00a0 Les grilles peuvent \u00eatres de diff\u00e9rentes formes, pour toutes les grandeurs de TBA et selon les sp\u00e9cifications du client. [&hellip;]<\/p>","protected":false},"author":1,"featured_media":0,"parent":1066,"menu_order":1,"comment_status":"closed","ping_status":"closed","template":"","meta":{"footnotes":""},"class_list":["post-1832","page","type-page","status-publish","hentry"],"yoast_head":"<!-- This site is optimized with the Yoast SEO plugin v26.6 - https:\/\/yoast.com\/wordpress\/plugins\/seo\/ -->\n<title>Grille pour TBA en acier - Boutique ABM | Livrer. Toujours.<\/title>\n<meta name=\"description\" content=\"Grille pour tuyau en b\u00e9ton arm\u00e9 (TBA) en acier galvanis\u00e9 pour les \u00e9gouts et services d&#039;eau, selon les sp\u00e9cifications du client.\" \/>\n<meta name=\"robots\" content=\"index, follow, max-snippet:-1, max-image-preview:large, max-video-preview:-1\" \/>\n<link rel=\"canonical\" href=\"https:\/\/boutiqueabm.ca\/en\/produits\/grille-pour-tba\/\" \/>\n<meta property=\"og:locale\" content=\"en_US\" \/>\n<meta property=\"og:type\" content=\"article\" \/>\n<meta property=\"og:title\" content=\"Grille pour TBA en acier - Boutique ABM | Livrer. Toujours.\" \/>\n<meta property=\"og:description\" content=\"Grille pour tuyau en b\u00e9ton arm\u00e9 (TBA) en acier galvanis\u00e9 pour les \u00e9gouts et services d&#039;eau, selon les sp\u00e9cifications du client.\" \/>\n<meta property=\"og:url\" content=\"https:\/\/boutiqueabm.ca\/en\/produits\/grille-pour-tba\/\" \/>\n<meta property=\"og:site_name\" content=\"Boutique ABM\" \/>\n<meta property=\"article:modified_time\" content=\"2024-09-07T19:41:41+00:00\" \/>\n<meta property=\"og:image\" content=\"https:\/\/boutiqueabm.ca\/wp-content\/uploads\/ABM-grille-tba-01.jpg\" \/>\n\t<meta property=\"og:image:width\" content=\"1746\" \/>\n\t<meta property=\"og:image:height\" content=\"2000\" \/>\n\t<meta property=\"og:image:type\" content=\"image\/jpeg\" \/>\n<meta name=\"twitter:card\" content=\"summary_large_image\" \/>\n<meta name=\"twitter:image\" content=\"https:\/\/boutiqueabm.ca\/wp-content\/uploads\/ABM-grille-tba-01.jpg\" \/>\n<meta name=\"twitter:label1\" content=\"Est. reading time\" \/>\n\t<meta name=\"twitter:data1\" content=\"1 minute\" \/>\n<script type=\"application\/ld+json\" class=\"yoast-schema-graph\">{\"@context\":\"https:\/\/schema.org\",\"@graph\":[{\"@type\":[\"WebPage\",\"ItemPage\"],\"@id\":\"https:\/\/boutiqueabm.ca\/produits\/grille-pour-tba\/\",\"url\":\"https:\/\/boutiqueabm.ca\/produits\/grille-pour-tba\/\",\"name\":\"Grille pour TBA en acier - Boutique ABM | Livrer. Toujours.\",\"isPartOf\":{\"@id\":\"https:\/\/boutiqueabm.ca\/#website\"},\"primaryImageOfPage\":{\"@id\":\"https:\/\/boutiqueabm.ca\/produits\/grille-pour-tba\/#primaryimage\"},\"image\":{\"@id\":\"https:\/\/boutiqueabm.ca\/produits\/grille-pour-tba\/#primaryimage\"},\"thumbnailUrl\":\"https:\/\/boutiqueabm.ca\/wp-content\/uploads\/Logo-ABMenviro-300x96.png\",\"datePublished\":\"2021-04-06T19:20:33+00:00\",\"dateModified\":\"2024-09-07T19:41:41+00:00\",\"description\":\"Grille pour tuyau en b\u00e9ton arm\u00e9 (TBA) en acier galvanis\u00e9 pour les \u00e9gouts et services d'eau, selon les sp\u00e9cifications du client.\",\"breadcrumb\":{\"@id\":\"https:\/\/boutiqueabm.ca\/produits\/grille-pour-tba\/#breadcrumb\"},\"inLanguage\":\"en-CA\",\"potentialAction\":[{\"@type\":\"ReadAction\",\"target\":[\"https:\/\/boutiqueabm.ca\/produits\/grille-pour-tba\/\"]}]},{\"@type\":\"ImageObject\",\"inLanguage\":\"en-CA\",\"@id\":\"https:\/\/boutiqueabm.ca\/produits\/grille-pour-tba\/#primaryimage\",\"url\":\"https:\/\/boutiqueabm.ca\/wp-content\/uploads\/Logo-ABMenviro-300x96.png\",\"contentUrl\":\"https:\/\/boutiqueabm.ca\/wp-content\/uploads\/Logo-ABMenviro-300x96.png\"},{\"@type\":\"BreadcrumbList\",\"@id\":\"https:\/\/boutiqueabm.ca\/produits\/grille-pour-tba\/#breadcrumb\",\"itemListElement\":[{\"@type\":\"ListItem\",\"position\":1,\"name\":\"Accueil\",\"item\":\"https:\/\/boutiqueabm.ca\/\"},{\"@type\":\"ListItem\",\"position\":2,\"name\":\"Produits\",\"item\":\"https:\/\/boutiqueabm.ca\/produits\/\"},{\"@type\":\"ListItem\",\"position\":3,\"name\":\"Grille pour TBA\"}]},{\"@type\":\"WebSite\",\"@id\":\"https:\/\/boutiqueabm.ca\/#website\",\"url\":\"https:\/\/boutiqueabm.ca\/\",\"name\":\"Boutique ABM\",\"description\":\"Des produits pour les industriels\",\"publisher\":{\"@id\":\"https:\/\/boutiqueabm.ca\/#organization\"},\"potentialAction\":[{\"@type\":\"SearchAction\",\"target\":{\"@type\":\"EntryPoint\",\"urlTemplate\":\"https:\/\/boutiqueabm.ca\/?s={search_term_string}\"},\"query-input\":{\"@type\":\"PropertyValueSpecification\",\"valueRequired\":true,\"valueName\":\"search_term_string\"}}],\"inLanguage\":\"en-CA\"},{\"@type\":\"Organization\",\"@id\":\"https:\/\/boutiqueabm.ca\/#organization\",\"name\":\"Boutique ABM\",\"url\":\"https:\/\/boutiqueabm.ca\/\",\"logo\":{\"@type\":\"ImageObject\",\"inLanguage\":\"en-CA\",\"@id\":\"https:\/\/boutiqueabm.ca\/#\/schema\/logo\/image\/\",\"url\":\"https:\/\/staging.boutiqueabm.ca\/wp-content\/uploads\/Logo-Boutique-ABM.png\",\"contentUrl\":\"https:\/\/staging.boutiqueabm.ca\/wp-content\/uploads\/Logo-Boutique-ABM.png\",\"width\":2000,\"height\":1074,\"caption\":\"Boutique ABM\"},\"image\":{\"@id\":\"https:\/\/boutiqueabm.ca\/#\/schema\/logo\/image\/\"}}]}<\/script>\n<!-- \/ Yoast SEO plugin. -->","yoast_head_json":{"title":"Grille pour TBA en acier - Boutique ABM | Livrer. Toujours.","description":"Grille pour tuyau en b\u00e9ton arm\u00e9 (TBA) en acier galvanis\u00e9 pour les \u00e9gouts et services d'eau, selon les sp\u00e9cifications du client.","robots":{"index":"index","follow":"follow","max-snippet":"max-snippet:-1","max-image-preview":"max-image-preview:large","max-video-preview":"max-video-preview:-1"},"canonical":"https:\/\/boutiqueabm.ca\/en\/produits\/grille-pour-tba\/","og_locale":"en_US","og_type":"article","og_title":"Grille pour TBA en acier - Boutique ABM | Livrer. Toujours.","og_description":"Grille pour tuyau en b\u00e9ton arm\u00e9 (TBA) en acier galvanis\u00e9 pour les \u00e9gouts et services d'eau, selon les sp\u00e9cifications du client.","og_url":"https:\/\/boutiqueabm.ca\/en\/produits\/grille-pour-tba\/","og_site_name":"Boutique ABM","article_modified_time":"2024-09-07T19:41:41+00:00","og_image":[{"width":1746,"height":2000,"url":"https:\/\/boutiqueabm.ca\/wp-content\/uploads\/ABM-grille-tba-01.jpg","type":"image\/jpeg"}],"twitter_card":"summary_large_image","twitter_image":"https:\/\/boutiqueabm.ca\/wp-content\/uploads\/ABM-grille-tba-01.jpg","twitter_misc":{"Est. reading time":"1 minute"},"schema":{"@context":"https:\/\/schema.org","@graph":[{"@type":["WebPage","ItemPage"],"@id":"https:\/\/boutiqueabm.ca\/produits\/grille-pour-tba\/","url":"https:\/\/boutiqueabm.ca\/produits\/grille-pour-tba\/","name":"Grille pour TBA en acier - Boutique ABM | Livrer. Toujours.","isPartOf":{"@id":"https:\/\/boutiqueabm.ca\/#website"},"primaryImageOfPage":{"@id":"https:\/\/boutiqueabm.ca\/produits\/grille-pour-tba\/#primaryimage"},"image":{"@id":"https:\/\/boutiqueabm.ca\/produits\/grille-pour-tba\/#primaryimage"},"thumbnailUrl":"https:\/\/boutiqueabm.ca\/wp-content\/uploads\/Logo-ABMenviro-300x96.png","datePublished":"2021-04-06T19:20:33+00:00","dateModified":"2024-09-07T19:41:41+00:00","description":"Grille pour tuyau en b\u00e9ton arm\u00e9 (TBA) en acier galvanis\u00e9 pour les \u00e9gouts et services d'eau, selon les sp\u00e9cifications du client.","breadcrumb":{"@id":"https:\/\/boutiqueabm.ca\/produits\/grille-pour-tba\/#breadcrumb"},"inLanguage":"en-CA","potentialAction":[{"@type":"ReadAction","target":["https:\/\/boutiqueabm.ca\/produits\/grille-pour-tba\/"]}]},{"@type":"ImageObject","inLanguage":"en-CA","@id":"https:\/\/boutiqueabm.ca\/produits\/grille-pour-tba\/#primaryimage","url":"https:\/\/boutiqueabm.ca\/wp-content\/uploads\/Logo-ABMenviro-300x96.png","contentUrl":"https:\/\/boutiqueabm.ca\/wp-content\/uploads\/Logo-ABMenviro-300x96.png"},{"@type":"BreadcrumbList","@id":"https:\/\/boutiqueabm.ca\/produits\/grille-pour-tba\/#breadcrumb","itemListElement":[{"@type":"ListItem","position":1,"name":"Accueil","item":"https:\/\/boutiqueabm.ca\/"},{"@type":"ListItem","position":2,"name":"Produits","item":"https:\/\/boutiqueabm.ca\/produits\/"},{"@type":"ListItem","position":3,"name":"Grille pour TBA"}]},{"@type":"WebSite","@id":"https:\/\/boutiqueabm.ca\/#website","url":"https:\/\/boutiqueabm.ca\/","name":"Boutique ABM","description":"Des produits pour les industriels","publisher":{"@id":"https:\/\/boutiqueabm.ca\/#organization"},"potentialAction":[{"@type":"SearchAction","target":{"@type":"EntryPoint","urlTemplate":"https:\/\/boutiqueabm.ca\/?s={search_term_string}"},"query-input":{"@type":"PropertyValueSpecification","valueRequired":true,"valueName":"search_term_string"}}],"inLanguage":"en-CA"},{"@type":"Organization","@id":"https:\/\/boutiqueabm.ca\/#organization","name":"Boutique ABM","url":"https:\/\/boutiqueabm.ca\/","logo":{"@type":"ImageObject","inLanguage":"en-CA","@id":"https:\/\/boutiqueabm.ca\/#\/schema\/logo\/image\/","url":"https:\/\/staging.boutiqueabm.ca\/wp-content\/uploads\/Logo-Boutique-ABM.png","contentUrl":"https:\/\/staging.boutiqueabm.ca\/wp-content\/uploads\/Logo-Boutique-ABM.png","width":2000,"height":1074,"caption":"Boutique ABM"},"image":{"@id":"https:\/\/boutiqueabm.ca\/#\/schema\/logo\/image\/"}}]}},"_links":{"self":[{"href":"https:\/\/boutiqueabm.ca\/en\/wp-json\/wp\/v2\/pages\/1832","targetHints":{"allow":["GET"]}}],"collection":[{"href":"https:\/\/boutiqueabm.ca\/en\/wp-json\/wp\/v2\/pages"}],"about":[{"href":"https:\/\/boutiqueabm.ca\/en\/wp-json\/wp\/v2\/types\/page"}],"author":[{"embeddable":true,"href":"https:\/\/boutiqueabm.ca\/en\/wp-json\/wp\/v2\/users\/1"}],"replies":[{"embeddable":true,"href":"https:\/\/boutiqueabm.ca\/en\/wp-json\/wp\/v2\/comments?post=1832"}],"version-history":[{"count":6,"href":"https:\/\/boutiqueabm.ca\/en\/wp-json\/wp\/v2\/pages\/1832\/revisions"}],"predecessor-version":[{"id":3121,"href":"https:\/\/boutiqueabm.ca\/en\/wp-json\/wp\/v2\/pages\/1832\/revisions\/3121"}],"up":[{"embeddable":true,"href":"https:\/\/boutiqueabm.ca\/en\/wp-json\/wp\/v2\/pages\/1066"}],"wp:attachment":[{"href":"https:\/\/boutiqueabm.ca\/en\/wp-json\/wp\/v2\/media?parent=1832"}],"curies":[{"name":"wp","href":"https:\/\/api.w.org\/{rel}","templated":true}]}}